{"id":3392,"date":"2021-07-11T19:58:01","date_gmt":"2021-07-11T16:58:01","guid":{"rendered":"https:\/\/pillswheels.com\/?page_id=3392"},"modified":"2022-04-27T14:15:08","modified_gmt":"2022-04-27T11:15:08","slug":"terms","status":"publish","type":"page","link":"https:\/\/pillswheels.com\/en\/terms\/","title":{"rendered":"Delivery and Payment Terms"},"content":{"rendered":"<p>[vc_row][vc_column offset=&#8221;vc_col-lg-offset-3 vc_col-lg-6 vc_col-md-1&#8243;][vc_column_text]<\/p>\n<h2>Delivery<\/h2>\n<p>We ship worldwide. All orders will be shipped from Moscow.<\/p>\n<p><strong>The cost of delivery is calculated automatically after entering the country, city and zip code on the checkout page.<\/strong><br \/>\nDelivery cost starts as low as 11$ \/ \u20ac10 \/ \u00a39 \/ 500 \u20bd depending on your location and order.<\/p>\n<p>If your billing address is the same as your shipping address, you don&#8217;t have to fill in a shipping address. Use different addresses and contact information to deliver your order to your friends, parents, or to give someone as a gift. With a regular order, only the billing address is filled in.<\/p>\n<p>Available delivery options: Russian Post (regular, expedited, EMS), courier delivery in Moscow, local pickup (Moscow).<\/p>\n<p>If you have any difficulties with payment, contact us using the feedback form or in the chat below right.<\/p>\n<p>If you have any questions about payment, please feel free to contact us.<\/p>\n<h3>Worldwide<\/h3>\n<p>We ship to all countries that can be delivered by Russian Post.<br \/>\nIf Russian Post is not displayed as a delivery option, it probably means that delivery to your country is not available.<\/p>\n<p>If you have found your country in the list below, don&#8217;t get upset. <a href=\"https:\/\/pillswheels.com\/en\/contact\/\" target=\"_blank\" rel=\"noopener\">Contact us here<\/a> or in the chat box at the bottom right. Write your address and e-mail in your message. We will send you PayPal invoice for payment and use alternative shipping method.<\/p>\n<p>Here&#8217;s a list of <strong>the countries which our delivery service in unable to deliver to due to COVID regulations at the moment<\/strong>: <em>Algeria, Angola, Antigua And Barbuda, The Bahamas, Barbados, Belize, Benin, Bhutan, Bolivia, Botswana, Brazil, Brunei-Darussalam, Burkina Faso, Burundi, Cameroon, Cape Verde, Central African Republic, Chad, Chile, Colombia, Comoros, Congo, Costa Rica, C\u00f4te d&#8217;Ivoire, Democratic Republic of the Congo, Cuba, Cura\u00e7ao, Djibouti, Dominica, Dominican Republic, Ecuador, El Salvador, Equatorial Guinea, Eritrea, Eswatini, Fiji, Gabon, Gambia, Guyana, Ghana, Grenada, Guadeloupe, Guam, Guatemala, Guinea, Guinea-Bissau, Haiti, Honduras, Jamaica, Kenya, Kiribati, Democratic People&#8217;s Republic Of Korea (North Korea), Lao People&#8217;s Democratic Republic, Lesotho, Liberia, Libya, Madagascar, Macao, Malawi, Mali, Marshall Islands, Mauritania, Mauritius, Mexico, Micronesia, Mozambique, Myanmar, Namibia, Nauru, Nepal, New Caledonia, Nicaragua, Niger, Nigeria, Niue, Palau, Panama, Papua New Guinea, Paraguay, Peru, Puerto Rico, Rwanda, Saint Kitts And Nevis, Saint Lucia, Saint Vincent And The Grenadines, Samoa, S\u00e3o Tom\u00e9 and Pr\u00edncipe, Seychelles, Senegal, Sierra Leone, Solomon Islands, Somalia, South Africa, South Sudan, Sudan, Suriname, Syrian Arab Republic, Tanzania, Timor-Leste, Togo, Tonga, Trinidad And Tobago, Tunisia, Tuvalu, Uganda, Uruguay, Vanuatu, Venezuela, Yemen, Zambia, Zimbabwe.<\/em><\/p>\n<p><a href=\"https:\/\/www.pochta.ru\/no-mail-exchange\" target=\"_blank\" rel=\"noopener\">More information about current situation<\/a> can be found here.<\/p>\n<p>To find a skate shop selling our products, <a href=\"https:\/\/pillswheels.com\/en\/retailers\/\">check the Pills Wheels Retailers section<\/a>.<\/p>\n<p>You can always specify any additional requirements in the comments of the order you place, or <a title=\"Email us\" href=\"https:\/\/pillswheels.com\/en\/contact\/\">just contact us.<\/a><\/p>\n<p>The terms of international delivery are regulated before crossing the border and can be found on the website of Russian Post. In our experience the full term of standard international delivery can take <em>from 5 to 30 days<\/em> depending on the delivery tariff and the distance of the country.<\/p>\n<p>In our experience, international delivery usually takes <em>from 10 to14 days<\/em>. These days, a parcel to USA comes in 7 days , for example.<\/p>\n<p><a href=\"https:\/\/www.pochta.ru\/documents\/10231\/5665340656\/%D0%A1%D1%80%D0%BE%D0%BA%D0%B8+%D0%B4%D0%BE%D1%81%D1%82%D0%B0%D0%B2%D0%BA%D0%B8+%28v.18%29+05072021.xlsx\">Approximate delivery time by country<\/a> can be found in this list.<\/p>\n<p>If you want faster delivery, choose EMS.<\/p>\n<h4>Free International Shipping<\/h4>\n<p>Free international shipping is available on orders of $150, \u20ac125, \u00a3110 or 11,000 \u20bd.<\/p>\n<h3>Russia<\/h3>\n<p>We use Russian Post or express delivery EMS.<\/p>\n<p><b>Delivery options will be calculated and available for selection after entering your zipcode.<\/b><\/p>\n<p><a href=\"https:\/\/www.pochta.ru\/tracking\" target=\"_blank\" rel=\"noopener\">Track the shipment by tracking number<\/a><\/p>\n<p><a href=\"https:\/\/www.pochta.ru\/support\/post-rules\/delivery-terms\" target=\"_blank\" rel=\"noopener\">Learn the delivery time<\/a><\/p>\n<h4>Free delivery in Russia<\/h4>\n<p>Free delivery in Russia is available with an order of $100, \u20ac85, \u00a375 or 7,500 \u20bd.<\/p>\n<p>If the amount of the order exceeds this threshold, the &#8220;Free Shipping&#8221; option will appear on the checkout page.<\/p>\n<h3>Moscow<\/h3>\n<p><strong>Courier delivery <\/strong>can be made on the day of order (if the order is placed before 12:00) or the next day as the earliest delivery.<br \/>\nCost of courier delivery: $6, \u20ac5, \u00a34, 400 \u20bd.<\/p>\n<p>After placing an order we will contact you to discuss suitable time of delivery.<\/p>\n<p><strong>Local pickup from Mitino metro station<\/strong><em>: <\/em>free of charge<\/p>\n<p><em>Moscow courier delivery and Local pickup can be payed online in any available currency (USD, EUR, GBP, RUB) and only in RUB if you want pay to our courier.<\/em><\/p>\n<p>Our manager will contact you after you place your order.<\/p>\n<p><strong>Postal Delivery<\/strong>: the same rules apply to postal deliveries within Moscow as to standard deliveries within Russia.<\/p>\n<h2>Payment<\/h2>\n<p>We accept bank cards and PayPal payment in rubles, dollars, euros and pounds. Use the button on the main menu to change currency.<\/p>\n<p><img style=\"height: 45px !important;\" src=\"https:\/\/pillswheels.com\/wp-content\/themes\/konte-child\/assets\/svg\/visa.svg\" \/><img style=\"height: 45px !important;\" src=\"https:\/\/pillswheels.com\/wp-content\/themes\/konte-child\/assets\/svg\/mastercard.svg\" \/><img style=\"height: 45px !important;\" src=\"https:\/\/pillswheels.com\/wp-content\/themes\/konte-child\/assets\/svg\/mir.svg\" \/><\/p>\n<p>If you have trouble making a payment, contact us through the feedback form or in the chat box on the bottom right side.<\/p>\n<p>If you have trouble making a payment, please contact us.<\/p>\n<h3 style=\"text-decoration: line-through;\">Pay via PayPal<\/h3>\n<p><strong>Not available at the moment.<\/strong><\/p>\n<p><img style=\"height: 25px !important;\" src=\"https:\/\/pillswheels.com\/wp-content\/themes\/konte-child\/assets\/svg\/paypal.svg\" \/><\/p>\n<p><del datetime=\"2022-04-27T11:11:20+00:00\">Use PayPal to pay with your bank card or with funds available in your PayPal account in USD, EUR, GBP and RUB.<\/del><\/p>\n<p><del datetime=\"2022-04-27T11:11:20+00:00\">PayPal works with <em>Visa, MasterCard, American Express and Maestro<\/em>. If you have a PayPal account, use your username (email address) and password to pay for purchases.<\/del><\/p>\n<p><del datetime=\"2022-04-27T11:11:20+00:00\">If you&#8217;re paying without registering, you&#8217;ll need to enter your credit card info, address, phone number, email address and other required fields. Follow the instructions on the PayPal site.<\/del><\/p>\n<p><del datetime=\"2022-04-27T11:11:20+00:00\">You can read the payment terms, buyer protection rules, and terms of protection on <a href=\"https:\/\/www.paypal.com\/\" target=\"_blank\" rel=\"nofollow noopener\">PayPal&#8217;s site<\/a><\/del><\/p>\n<h3>Pay by card via Alfa Bank<\/h3>\n<p><img style=\"height: 25px !important;\" src=\"https:\/\/pillswheels.com\/wp-content\/themes\/konte-child\/assets\/svg\/alfabank-en.svg\" \/><\/p>\n<p>Pay via Alfa Bank if you wish to pay by VISA, MasterCard, MIR, JCB or UnionPay.<br \/>\nThis payment method is only available if you pay in Russian rubles.<\/p>\n<h4>Why didn&#8217;t my payment go through?<\/h4>\n<ul>\n<li>the bank card is not designed for online payments, as you can find out by contacting your Bank<\/li>\n<li>not enough credit on the debit card<\/li>\n<li>data on the card were entered incorrectly<\/li>\n<li>The validity of the debit card expired<\/li>\n<\/ul>\n<h3>Cash Payments<\/h3>\n<p>Cash payment is only available for pickup and courier delivery in Moscow.<\/p>\n<h2>Exchange and Return<\/h2>\n<p>All international orders are final. Exchanges and returns only apply for the orders made from Russia.<\/p>\n<p>The next terms of exchange and return are applicable for Russia only.<\/p>\n<p>Exchanges and returns are possible within 7 days of payment, as long as the product&#8217;s appearance is intact. Return shipping will be charged to the buyer and must be no longer than 10 days.<\/p>\n<p>Card payments do not allow cash back. The refund procedure is regulated by the rules of international payment systems.<\/p>\n<p>The procedure for return of goods is regulated by Article 26.1 of Federal Law &#8220;About Protection of Consumer Rights.<\/p>\n<p>Refund for the product is possible only if you still have the preserved appearance and consumer properties of the product, as well as a document proving the fact and conditions of purchase of the said product<\/p>\n<p>Repayment of the proper quality product is possible if you still have the preserved appearance and consumer properties of the product. The consumer shall not be entitled to refuse a properly fitting product with individually distinctive features if the product in question can only be used by the person purchasing it.<\/p>\n<p>The consumer shall not be entitled to refuse a properly fitting product with individually distinctive features if the product in question can only be used by the person purchasing it.<\/p>\n<p>When the consumer rejects the product, the seller must refund the amount of money paid by the consumer under the contract, excluding the seller&#8217;s costs of shipping the returned product from the consumer, no later than ten days from the date of the consumer&#8217;s request for return.<\/p>\n<p>For the refund to your bank card you must complete the &#8220;Application for Money Refund,&#8221; attach a copy of your passport and send the documents by email.<\/p>\n<p>The refund will be issued to the bank card within 21 business days of receipt of the application.<\/p>\n<p>The amount of refund will be equal to the amount of purchase. The claim and refund period starts from the day the company receives the claim and is calculated in business days not including holidays.[\/vc_column_text][\/vc_column][\/vc_row]<\/p>\n","protected":false},"excerpt":{"rendered":"<p>[vc_row][vc_column offset=&#8221;vc_col-lg-offset-3 vc_col-lg-6 vc_col-md-1&#8243;][vc_column_text] Delivery We ship worldwide. All orders will be shipped from Moscow. The cost of delivery is calculated automatically after entering the country, city and zip code on&hellip;<\/p>\n","protected":false},"author":1,"featured_media":0,"parent":0,"menu_order":0,"comment_status":"closed","ping_status":"closed","template":"","meta":[],"yoast_head":"<!-- This site is optimized with the Yoast SEO Premium plugin  - https:\/\/yoast.com\/wordpress\/plugins\/seo\/ -->\n<title>Delivery and Payment Terms - PILLS WHEELS - Aggressive Inline Skate Brand<\/title>\n<meta name=\"robots\" content=\"index, follow, max-snippet:-1, max-image-preview:large, max-video-preview:-1\" \/>\n<link rel=\"canonical\" href=\"https:\/\/pillswheels.com\/en\/terms\/\" \/>\n<meta property=\"og:locale\" content=\"en_US\" \/>\n<meta property=\"og:type\" content=\"article\" \/>\n<meta property=\"og:title\" content=\"Delivery and Payment Terms\" \/>\n<meta property=\"og:description\" content=\"[vc_row][vc_column offset=&#8221;vc_col-lg-offset-3 vc_col-lg-6 vc_col-md-1&#8243;][vc_column_text] Delivery We ship worldwide. All orders will be shipped from Moscow. The cost of delivery is calculated automatically after entering the country, city and zip code on&hellip;\" \/>\n<meta property=\"og:url\" content=\"https:\/\/pillswheels.com\/en\/terms\/\" \/>\n<meta property=\"og:site_name\" content=\"PILLS WHEELS - Aggressive Inline Skate Brand\" \/>\n<meta property=\"article:publisher\" content=\"https:\/\/www.facebook.com\/pillswheels\" \/>\n<meta property=\"article:modified_time\" content=\"2022-04-27T11:15:08+00:00\" \/>\n<meta property=\"og:image\" content=\"https:\/\/pillswheels.com\/wp-content\/themes\/konte-child\/assets\/svg\/visa.svg\" \/>\n<meta name=\"twitter:card\" content=\"summary_large_image\" \/>\n<meta name=\"twitter:site\" content=\"@pillswheels\" \/>\n<meta name=\"twitter:label1\" content=\"Est. reading time\" \/>\n\t<meta name=\"twitter:data1\" content=\"7 minutes\" \/>\n<script type=\"application\/ld+json\" class=\"yoast-schema-graph\">{\"@context\":\"https:\/\/schema.org\",\"@graph\":[{\"@type\":\"Organization\",\"@id\":\"https:\/\/pillswheels.com\/en\/#organization\",\"name\":\"PILLS WHEELS\",\"url\":\"https:\/\/pillswheels.com\/en\/\",\"sameAs\":[\"https:\/\/www.facebook.com\/pillswheels\",\"https:\/\/www.instagram.com\/pillswheels\/\",\"https:\/\/www.youtube.com\/pillswheels\",\"https:\/\/twitter.com\/pillswheels\"],\"logo\":{\"@type\":\"ImageObject\",\"@id\":\"https:\/\/pillswheels.com\/en\/#logo\",\"inLanguage\":\"en-US\",\"url\":\"https:\/\/pillswheels.com\/wp-content\/uploads\/2021\/08\/pills-wheels-logo-5-800px.png\",\"contentUrl\":\"https:\/\/pillswheels.com\/wp-content\/uploads\/2021\/08\/pills-wheels-logo-5-800px.png\",\"width\":800,\"height\":800,\"caption\":\"PILLS WHEELS\"},\"image\":{\"@id\":\"https:\/\/pillswheels.com\/en\/#logo\"}},{\"@type\":\"WebSite\",\"@id\":\"https:\/\/pillswheels.com\/en\/#website\",\"url\":\"https:\/\/pillswheels.com\/en\/\",\"name\":\"PILLS WHEELS - Aggressive Inline Skate Brand\",\"description\":\"The best place to buy aggressive inline skate wheels, bearings and clothing for skaters and rollerbladers\",\"publisher\":{\"@id\":\"https:\/\/pillswheels.com\/en\/#organization\"},\"potentialAction\":[{\"@type\":\"SearchAction\",\"target\":{\"@type\":\"EntryPoint\",\"urlTemplate\":\"https:\/\/pillswheels.com\/en\/?s={search_term_string}\"},\"query-input\":\"required name=search_term_string\"}],\"inLanguage\":\"en-US\"},{\"@type\":\"ImageObject\",\"@id\":\"https:\/\/pillswheels.com\/en\/terms\/#primaryimage\",\"inLanguage\":\"en-US\",\"url\":\"https:\/\/pillswheels.com\/wp-content\/themes\/konte-child\/assets\/svg\/visa.svg\",\"contentUrl\":\"https:\/\/pillswheels.com\/wp-content\/themes\/konte-child\/assets\/svg\/visa.svg\"},{\"@type\":\"WebPage\",\"@id\":\"https:\/\/pillswheels.com\/en\/terms\/#webpage\",\"url\":\"https:\/\/pillswheels.com\/en\/terms\/\",\"name\":\"Delivery and Payment Terms - PILLS WHEELS - Aggressive Inline Skate Brand\",\"isPartOf\":{\"@id\":\"https:\/\/pillswheels.com\/en\/#website\"},\"primaryImageOfPage\":{\"@id\":\"https:\/\/pillswheels.com\/en\/terms\/#primaryimage\"},\"datePublished\":\"2021-07-11T16:58:01+00:00\",\"dateModified\":\"2022-04-27T11:15:08+00:00\",\"breadcrumb\":{\"@id\":\"https:\/\/pillswheels.com\/en\/terms\/#breadcrumb\"},\"inLanguage\":\"en-US\",\"potentialAction\":[{\"@type\":\"ReadAction\",\"target\":[\"https:\/\/pillswheels.com\/en\/terms\/\"]}]},{\"@type\":\"BreadcrumbList\",\"@id\":\"https:\/\/pillswheels.com\/en\/terms\/#breadcrumb\",\"itemListElement\":[{\"@type\":\"ListItem\",\"position\":1,\"name\":\"Home\",\"item\":\"https:\/\/pillswheels.com\/en\/\"},{\"@type\":\"ListItem\",\"position\":2,\"name\":\"Delivery and Payment Terms\"}]}]}<\/script>\n<!-- \/ Yoast SEO Premium plugin. -->","yoast_head_json":{"title":"Delivery and Payment Terms - PILLS WHEELS - Aggressive Inline Skate Brand","robots":{"index":"index","follow":"follow","max-snippet":"max-snippet:-1","max-image-preview":"max-image-preview:large","max-video-preview":"max-video-preview:-1"},"canonical":"https:\/\/pillswheels.com\/en\/terms\/","og_locale":"en_US","og_type":"article","og_title":"Delivery and Payment Terms","og_description":"[vc_row][vc_column offset=&#8221;vc_col-lg-offset-3 vc_col-lg-6 vc_col-md-1&#8243;][vc_column_text] Delivery We ship worldwide. All orders will be shipped from Moscow. The cost of delivery is calculated automatically after entering the country, city and zip code on&hellip;","og_url":"https:\/\/pillswheels.com\/en\/terms\/","og_site_name":"PILLS WHEELS - Aggressive Inline Skate Brand","article_publisher":"https:\/\/www.facebook.com\/pillswheels","article_modified_time":"2022-04-27T11:15:08+00:00","og_image":[{"url":"https:\/\/pillswheels.com\/wp-content\/themes\/konte-child\/assets\/svg\/visa.svg"}],"twitter_card":"summary_large_image","twitter_site":"@pillswheels","twitter_misc":{"Est. reading time":"7 minutes"},"schema":{"@context":"https:\/\/schema.org","@graph":[{"@type":"Organization","@id":"https:\/\/pillswheels.com\/en\/#organization","name":"PILLS WHEELS","url":"https:\/\/pillswheels.com\/en\/","sameAs":["https:\/\/www.facebook.com\/pillswheels","https:\/\/www.instagram.com\/pillswheels\/","https:\/\/www.youtube.com\/pillswheels","https:\/\/twitter.com\/pillswheels"],"logo":{"@type":"ImageObject","@id":"https:\/\/pillswheels.com\/en\/#logo","inLanguage":"en-US","url":"https:\/\/pillswheels.com\/wp-content\/uploads\/2021\/08\/pills-wheels-logo-5-800px.png","contentUrl":"https:\/\/pillswheels.com\/wp-content\/uploads\/2021\/08\/pills-wheels-logo-5-800px.png","width":800,"height":800,"caption":"PILLS WHEELS"},"image":{"@id":"https:\/\/pillswheels.com\/en\/#logo"}},{"@type":"WebSite","@id":"https:\/\/pillswheels.com\/en\/#website","url":"https:\/\/pillswheels.com\/en\/","name":"PILLS WHEELS - Aggressive Inline Skate Brand","description":"The best place to buy aggressive inline skate wheels, bearings and clothing for skaters and rollerbladers","publisher":{"@id":"https:\/\/pillswheels.com\/en\/#organization"},"potentialAction":[{"@type":"SearchAction","target":{"@type":"EntryPoint","urlTemplate":"https:\/\/pillswheels.com\/en\/?s={search_term_string}"},"query-input":"required name=search_term_string"}],"inLanguage":"en-US"},{"@type":"ImageObject","@id":"https:\/\/pillswheels.com\/en\/terms\/#primaryimage","inLanguage":"en-US","url":"https:\/\/pillswheels.com\/wp-content\/themes\/konte-child\/assets\/svg\/visa.svg","contentUrl":"https:\/\/pillswheels.com\/wp-content\/themes\/konte-child\/assets\/svg\/visa.svg"},{"@type":"WebPage","@id":"https:\/\/pillswheels.com\/en\/terms\/#webpage","url":"https:\/\/pillswheels.com\/en\/terms\/","name":"Delivery and Payment Terms - PILLS WHEELS - Aggressive Inline Skate Brand","isPartOf":{"@id":"https:\/\/pillswheels.com\/en\/#website"},"primaryImageOfPage":{"@id":"https:\/\/pillswheels.com\/en\/terms\/#primaryimage"},"datePublished":"2021-07-11T16:58:01+00:00","dateModified":"2022-04-27T11:15:08+00:00","breadcrumb":{"@id":"https:\/\/pillswheels.com\/en\/terms\/#breadcrumb"},"inLanguage":"en-US","potentialAction":[{"@type":"ReadAction","target":["https:\/\/pillswheels.com\/en\/terms\/"]}]},{"@type":"BreadcrumbList","@id":"https:\/\/pillswheels.com\/en\/terms\/#breadcrumb","itemListElement":[{"@type":"ListItem","position":1,"name":"Home","item":"https:\/\/pillswheels.com\/en\/"},{"@type":"ListItem","position":2,"name":"Delivery and Payment Terms"}]}]}},"_links":{"self":[{"href":"https:\/\/pillswheels.com\/en\/wp-json\/wp\/v2\/pages\/3392"}],"collection":[{"href":"https:\/\/pillswheels.com\/en\/wp-json\/wp\/v2\/pages"}],"about":[{"href":"https:\/\/pillswheels.com\/en\/wp-json\/wp\/v2\/types\/page"}],"author":[{"embeddable":true,"href":"https:\/\/pillswheels.com\/en\/wp-json\/wp\/v2\/users\/1"}],"replies":[{"embeddable":true,"href":"https:\/\/pillswheels.com\/en\/wp-json\/wp\/v2\/comments?post=3392"}],"version-history":[{"count":5,"href":"https:\/\/pillswheels.com\/en\/wp-json\/wp\/v2\/pages\/3392\/revisions"}],"predecessor-version":[{"id":5214,"href":"https:\/\/pillswheels.com\/en\/wp-json\/wp\/v2\/pages\/3392\/revisions\/5214"}],"wp:attachment":[{"href":"https:\/\/pillswheels.com\/en\/wp-json\/wp\/v2\/media?parent=3392"}],"curies":[{"name":"wp","href":"https:\/\/api.w.org\/{rel}","templated":true}]}}